{"id":66,"date":"2023-10-16T16:44:37","date_gmt":"2023-10-16T16:44:37","guid":{"rendered":"https:\/\/themeholy.com\/wordpress\/frutin\/?page_id=66"},"modified":"2024-10-14T22:39:36","modified_gmt":"2024-10-14T22:39:36","slug":"contacto","status":"publish","type":"page","link":"https:\/\/fabricafarina.co\/en\/contacto\/","title":{"rendered":"contact"},"content":{"rendered":"<div data-elementor-type=\"wp-page\" data-elementor-id=\"66\" class=\"elementor elementor-66\">\n\t\t\t\t<div class=\"elementor-element elementor-element-e15c340 e-flex e-con-boxed e-con e-parent\" data-id=\"e15c340\" data-element_type=\"container\">\n\t\t\t\t\t<div class=\"e-con-inner\">\n\t\t<div class=\"elementor-element elementor-element-8a09486 e-con-full e-flex e-con e-child\" data-id=\"8a09486\" data-element_type=\"container\">\n\t\t\r\n\t\t<div class=\"elementor-element elementor-element-b99299d elementor-widget elementor-widget-frutincontactinfo\" data-id=\"b99299d\" data-element_type=\"widget\" data-widget_type=\"frutincontactinfo.default\">\n\t\t\t\t<div class=\"elementor-widget-container\">\n\t\t\t<div class=\"row gy-4 justify-content-center\"><div class=\"col-xl-3 col-lg-4 col-md-6\">\r\n\t\t\t\t\t\t<div class=\"contact-feature\">\r\n\t\t\t\t\t\t\t<div class=\"box-icon\"><i class=\"fa fa-map-marker\" aria-hidden=\"true\"><\/i><\/div>\r\n\t\t\t\t\t\t\t<div class=\"media-body\">\r\n\t\t\t\t\t\t\t\t<h3 class=\"box-title\">Direcci\u00f3n<\/h3>\r\n\t\t\t\t\t\t\t\t<p class=\"box-text\">Cra. 14 16-42 <br>\nCali  Colombia\n\n<\/p>\r\n\t\t\t\t\t\t\t<\/div>\r\n\t\t\t\t\t\t<\/div>\r\n\t\t\t\t\t<\/div><div class=\"col-xl-3 col-lg-4 col-md-6\">\r\n\t\t\t\t\t\t<div class=\"contact-feature\">\r\n\t\t\t\t\t\t\t<div class=\"box-icon bg-theme2\"><i class=\"fas fa-phone\"><\/i><\/div>\r\n\t\t\t\t\t\t\t<div class=\"media-body\">\r\n\t\t\t\t\t\t\t\t<h3 class=\"box-title\">Tel\u00e9fonos <\/h3>\r\n\t\t\t\t\t\t\t\t<p class=\"box-text\">\r\n\t\t\t\t\t\t\t\t\t<a href=\"tel: 573162688215\">+57 316 268 8215<\/a>\r\n\t\t\t\t\t\t\t\t\t<a href=\"tel: 573117711507\">+57 311 771 1507<\/a>\r\n\t\t\t\t\t\t\t\t<\/p>\r\n\t\t\t\t\t\t\t<\/div>\r\n\t\t\t\t\t\t<\/div>\r\n\t\t\t\t\t<\/div><div class=\"col-xl-3 col-lg-4 col-md-6\">\r\n\t\t\t\t\t\t<div class=\"contact-feature\">\r\n\t\t\t\t\t\t\t<div class=\"box-icon bg-title\"><i class=\"fas fa-envelope\"><\/i><\/div>\r\n\t\t\t\t\t\t\t<div class=\"media-body\">\r\n\t\t\t\t\t\t\t\t<h3 class=\"box-title\">Email Address<\/h3>\r\n\t\t\t\t\t\t\t\t<p class=\"box-text\">\r\n\t\t\t\t\t\t\t\t\t<a href=\"mailto:fabricafarina@gmail.com\">fabricafarina@gmail.com<\/a>\r\n\t\t\t\t\t\t\t\t\t<a href=\"mailto:\"><\/a>\r\n\t\t\t\t\t\t\t\t<\/p>\r\n\t\t\t\t\t\t\t<\/div>\r\n\t\t\t\t\t\t<\/div>\r\n\t\t\t\t\t<\/div><div class=\"col-xl-3 col-lg-4 col-md-6\">\r\n                    <div class=\"contact-feature\">\r\n                        <div class=\"media-body\">\r\n                            <h3 class=\"box-title\">S\u00edguenos <\/h3>\r\n                            <div class=\"th-social\"><a  rel=\"nofollow\" href=\"https:\/\/www.facebook.com\"><i aria-hidden=\"true\" class=\"fab fa-facebook-f\"><\/i><\/a> <a  rel=\"nofollow\" href=\"https:\/\/www.instagram.com\"><i aria-hidden=\"true\" class=\"fab fa-instagram\"><\/i><\/a> <a  rel=\"nofollow\" href=\"https:\/\/www.linkedin.com\"><i aria-hidden=\"true\" class=\"fab fa-linkedin-in\"><\/i><\/a> <\/div>\r\n                        <\/div>\r\n                    <\/div>\r\n                <\/div>\r\n            <\/div>\t\t<\/div>\n\t\t\t\t<\/div>\n\t\t\t\t<div class=\"elementor-element elementor-element-0999121 elementor-widget elementor-widget-frutincontactform\" data-id=\"0999121\" data-element_type=\"widget\" data-widget_type=\"frutincontactform.default\">\n\t\t\t\t<div class=\"elementor-widget-container\">\n\t\t\t<div class=\"contact-form input-smoke\"><h2 class=\"sec-title\">Completa el formulario y pronto nos pondremos en contacto<\/h2>\n<div class=\"wpcf7 no-js\" id=\"wpcf7-f2462-o1\" lang=\"en-US\" dir=\"ltr\">\n<div class=\"screen-reader-response\"><p role=\"status\" aria-live=\"polite\" aria-atomic=\"true\"><\/p> <ul><\/ul><\/div>\n<form action=\"\/en\/wp-json\/wp\/v2\/pages\/66#wpcf7-f2462-o1\" method=\"post\" class=\"wpcf7-form init\" aria-label=\"Contact form\" novalidate=\"novalidate\" data-status=\"init\" data-trp-original-action=\"\/en\/wp-json\/wp\/v2\/pages\/66#wpcf7-f2462-o1\">\n<div style=\"display: none;\">\n<input type=\"hidden\" name=\"_wpcf7\" value=\"2462\" \/>\n<input type=\"hidden\" name=\"_wpcf7_version\" value=\"5.9.8\" \/>\n<input type=\"hidden\" name=\"_wpcf7_locale\" value=\"en_US\" \/>\n<input type=\"hidden\" name=\"_wpcf7_unit_tag\" value=\"wpcf7-f2462-o1\" \/>\n<input type=\"hidden\" name=\"_wpcf7_container_post\" value=\"0\" \/>\n<input type=\"hidden\" name=\"_wpcf7_posted_data_hash\" value=\"\" \/>\n<input type=\"hidden\" name=\"_wpcf7_recaptcha_response\" value=\"\" \/>\n<\/div>\n<div class=\"row\">\n    <div class=\"form-group col-md-6\">\n        <span class=\"wpcf7-form-control-wrap\" data-name=\"your-name\"><input size=\"40\" maxlength=\"400\" class=\"wpcf7-form-control wpcf7-text wpcf7-validates-as-required form-control\" autocomplete=\"name\" aria-required=\"true\" aria-invalid=\"false\" placeholder=\"Nombre Completo\" value=\"\" type=\"text\" name=\"your-name\" \/><\/span> \n        <i class=\"fal fa-user\"><\/i>\n    <\/div>\n    <div class=\"form-group col-md-6\">\n        <span class=\"wpcf7-form-control-wrap\" data-name=\"your-email\"><input size=\"40\" maxlength=\"400\" class=\"wpcf7-form-control wpcf7-email wpcf7-validates-as-required wpcf7-text wpcf7-validates-as-email form-control\" autocomplete=\"email\" aria-required=\"true\" aria-invalid=\"false\" placeholder=\"Email\" value=\"\" type=\"email\" name=\"your-email\" \/><\/span>\n        <i class=\"fal fa-envelope\"><\/i>\n    <\/div>\n    <div class=\"form-group col-md-6\">\n        <span class=\"wpcf7-form-control-wrap\" data-name=\"tel-141\"><input size=\"40\" maxlength=\"400\" class=\"wpcf7-form-control wpcf7-tel wpcf7-validates-as-required wpcf7-text wpcf7-validates-as-tel form-control\" aria-required=\"true\" aria-invalid=\"false\" placeholder=\"Tel\u00e9fono\" value=\"\" type=\"tel\" name=\"tel-141\" \/><\/span>\n        <i class=\"fal fa-phone\"><\/i>\n    <\/div>\n    <div class=\"form-group col-md-6\">\n    <\/div>\n    <div class=\"form-group col-12\">\n        <span class=\"wpcf7-form-control-wrap\" data-name=\"your-message\"><textarea cols=\"40\" rows=\"10\" maxlength=\"2000\" class=\"wpcf7-form-control wpcf7-textarea form-control\" aria-invalid=\"false\" placeholder=\"Mensaje\" name=\"your-message\"><\/textarea><\/span>\n        <i class=\"fal fa-pencil\"><\/i>\n    <\/div>\n    <div class=\"form-group col-12 privacy-checkbox\">\n        <a href=\"https:\/\/fabricafarina.co\/en\/politica-privacidad\/\"><span class=\"wpcf7-form-control-wrap\" data-name=\"checkbox-privacy\"><span class=\"wpcf7-form-control wpcf7-checkbox wpcf7-validates-as-required\"><span class=\"wpcf7-list-item first last\"><input type=\"checkbox\" name=\"checkbox-privacy[]\" value=\"Aceptar la pol\u00edtica de privacidad\" \/><span class=\"wpcf7-list-item-label\">Aceptar la pol\u00edtica de privacidad<\/span><\/span><\/span><\/span><\/a>\n    <\/div>\n    <div class=\"form-btn col-12 submit-button\">\n        <button class=\"th-btn btn-fw wpcf7\">Enviar mensaje<i class=\"fas fa-chevrons-right ms-2\"><\/i><\/button>\n    <\/div>\n<\/div><div class=\"wpcf7-response-output\" aria-hidden=\"true\"><\/div>\n<input type=\"hidden\" name=\"trp-form-language\" value=\"en\"\/><\/form>\n<\/div>\n<\/div>\t\t<\/div>\n\t\t\t\t<\/div>\n\t\t\t\t<\/div>\n\t\t\t\t\t<\/div>\n\t\t\t\t<\/div>\n\t\t<div class=\"elementor-element elementor-element-389e3b2 e-flex e-con-boxed e-con e-parent\" data-id=\"389e3b2\" data-element_type=\"container\">\n\t\t\t\t\t<div class=\"e-con-inner\">\n\t\t\t\t<div class=\"elementor-element elementor-element-c55bc37 contact-map elementor-widget elementor-widget-google_maps\" data-id=\"c55bc37\" data-element_type=\"widget\" data-widget_type=\"google_maps.default\">\n\t\t\t\t<div class=\"elementor-widget-container\">\n\t\t\t\t\t<div class=\"elementor-custom-embed\">\n\t\t\t<iframe\n\t\t\t\t\tdata-src=\"https:\/\/maps.google.com\/maps?q=Cra%2014%2016-42%20Cali%20%20Colombia&#038;t=m&#038;z=15&#038;output=embed&#038;iwloc=near\"\n\t\t\t\t\ttitle=\"Cra 14 16-42 Cali  Colombia\"\n\t\t\t\t\taria-label=\"Cra 14 16-42 Cali  Colombia\"\n\t\t\t src=\"data:image\/gif;base64,R0lGODlhAQABAAAAACH5BAEKAAEALAAAAAABAAEAAAICTAEAOw==\" class=\"lazyload\" data-load-mode=\"1\"><\/iframe>\n\t\t<\/div>\n\t\t\t\t<\/div>\n\t\t\t\t<\/div>\n\t\t\t\t\t<\/div>\n\t\t\t\t<\/div>\n\t\t\t\t<\/div>","protected":false},"excerpt":{"rendered":"<p>Direcci\u00f3n Cra. 14 16-42 Cali Colombia Tel\u00e9fonos +57 316 268 8215 +57 311 771 1507 Email Address fabricafarina@gmail.com S\u00edguenos Completa el formulario y pronto nos pondremos en contacto Aceptar la pol\u00edtica de privacidad Enviar mensaje<\/p>","protected":false},"author":1,"featured_media":0,"parent":0,"menu_order":0,"comment_status":"closed","ping_status":"closed","template":"template-builder.php","meta":{"_joinchat":[],"footnotes":""},"class_list":["post-66","page","type-page","status-publish","hentry"],"_links":{"self":[{"href":"https:\/\/fabricafarina.co\/en\/wp-json\/wp\/v2\/pages\/66","targetHints":{"allow":["GET"]}}],"collection":[{"href":"https:\/\/fabricafarina.co\/en\/wp-json\/wp\/v2\/pages"}],"about":[{"href":"https:\/\/fabricafarina.co\/en\/wp-json\/wp\/v2\/types\/page"}],"author":[{"embeddable":true,"href":"https:\/\/fabricafarina.co\/en\/wp-json\/wp\/v2\/users\/1"}],"replies":[{"embeddable":true,"href":"https:\/\/fabricafarina.co\/en\/wp-json\/wp\/v2\/comments?post=66"}],"version-history":[{"count":0,"href":"https:\/\/fabricafarina.co\/en\/wp-json\/wp\/v2\/pages\/66\/revisions"}],"wp:attachment":[{"href":"https:\/\/fabricafarina.co\/en\/wp-json\/wp\/v2\/media?parent=66"}],"curies":[{"name":"wp","href":"https:\/\/api.w.org\/{rel}","templated":true}]}}