{"id":2949,"date":"2024-05-04T18:54:07","date_gmt":"2024-05-04T18:54:07","guid":{"rendered":"https:\/\/desarrollo2.crossdigital.co\/?post_type=product&#038;p=2949"},"modified":"2024-05-06T02:35:28","modified_gmt":"2024-05-06T02:35:28","slug":"harina-de-platano-en-caja","status":"publish","type":"product","link":"https:\/\/fabricafarina.co\/en\/product\/harina-de-platano-en-caja\/","title":{"rendered":"Harina de pl\u00e1tano en caja"},"content":{"rendered":"<p>Rico en fibra y almidones con efecto prebi\u00f3tico. Bajo contenido de az\u00facar y grasa. Alto contenido de vitamina B6. Rico en potasio. Rico en magnesio.<\/p>\n<p>Contiene Tanino:<\/p>\n<ul>\n<li>Astringente.<\/li>\n<li>Antinflamatorio.<\/li>\n<li>Antioxidante.<\/li>\n<\/ul>\n<p>Ideal for:<\/p>\n<ul>\n<li>Coladas para ni\u00f1os peque\u00f1os.<\/li>\n<li>Bebidas energ\u00e9ticas.<\/li>\n<li>Sopas.<\/li>\n<li>Pastas.<\/li>\n<\/ul>","protected":false},"excerpt":{"rendered":"<p>Rico en fibra y almidones con efecto prebi\u00f3tico. Bajo contenido de az\u00facar y grasa. Alto contenido de vitamina B6. Rico en potasio. Rico en magnesio.<\/p>","protected":false},"featured_media":2950,"comment_status":"open","ping_status":"closed","template":"","meta":{"wds_primary_product_cat":0,"_joinchat":[]},"product_cat":[56],"product_tag":[],"class_list":{"0":"post-2949","1":"product","2":"type-product","3":"status-publish","4":"has-post-thumbnail","6":"product_cat-harina-de-caja","8":"first","9":"instock","10":"shipping-taxable","11":"purchasable","12":"product-type-variable"},"_links":{"self":[{"href":"https:\/\/fabricafarina.co\/en\/wp-json\/wp\/v2\/product\/2949","targetHints":{"allow":["GET"]}}],"collection":[{"href":"https:\/\/fabricafarina.co\/en\/wp-json\/wp\/v2\/product"}],"about":[{"href":"https:\/\/fabricafarina.co\/en\/wp-json\/wp\/v2\/types\/product"}],"replies":[{"embeddable":true,"href":"https:\/\/fabricafarina.co\/en\/wp-json\/wp\/v2\/comments?post=2949"}],"wp:featuredmedia":[{"embeddable":true,"href":"https:\/\/fabricafarina.co\/en\/wp-json\/wp\/v2\/media\/2950"}],"wp:attachment":[{"href":"https:\/\/fabricafarina.co\/en\/wp-json\/wp\/v2\/media?parent=2949"}],"wp:term":[{"taxonomy":"product_cat","embeddable":true,"href":"https:\/\/fabricafarina.co\/en\/wp-json\/wp\/v2\/product_cat?post=2949"},{"taxonomy":"product_tag","embeddable":true,"href":"https:\/\/fabricafarina.co\/en\/wp-json\/wp\/v2\/product_tag?post=2949"}],"curies":[{"name":"wp","href":"https:\/\/api.w.org\/{rel}","templated":true}]}}